{"id":2292,"date":"2023-03-13T18:18:14","date_gmt":"2023-03-13T21:18:14","guid":{"rendered":"https:\/\/asociacionparquecordillera.cl\/?page_id=2292"},"modified":"2023-03-13T18:20:52","modified_gmt":"2023-03-13T21:20:52","slug":"politica-de-calidad","status":"publish","type":"page","link":"https:\/\/asociacionparquecordillera.cl\/en\/educacion-ambiental\/politica-de-calidad\/","title":{"rendered":"Politica de Calidad"},"content":{"rendered":"<div data-elementor-type=\"wp-page\" data-elementor-id=\"2292\" class=\"elementor elementor-2292\" data-elementor-post-type=\"page\">\n\t\t\t\t<div data-particle_enable=\"false\" data-particle-mobile-disabled=\"false\" class=\"elementor-element elementor-element-37ae63d e-flex e-con-boxed e-con e-parent\" data-id=\"37ae63d\" data-element_type=\"container\" data-settings=\"{&quot;background_background&quot;:&quot;classic&quot;,&quot;background_motion_fx_motion_fx_scrolling&quot;:&quot;yes&quot;,&quot;background_motion_fx_translateY_effect&quot;:&quot;yes&quot;,&quot;background_motion_fx_translateY_speed&quot;:{&quot;unit&quot;:&quot;px&quot;,&quot;size&quot;:6,&quot;sizes&quot;:[]},&quot;background_motion_fx_range&quot;:&quot;page&quot;,&quot;background_motion_fx_translateY_affectedRange&quot;:{&quot;unit&quot;:&quot;%&quot;,&quot;size&quot;:&quot;&quot;,&quot;sizes&quot;:{&quot;start&quot;:0,&quot;end&quot;:100}},&quot;background_motion_fx_devices&quot;:[&quot;desktop&quot;,&quot;tablet&quot;,&quot;mobile&quot;]}\">\n\t\t\t\t\t<div class=\"e-con-inner\">\n\t\t<div data-particle_enable=\"false\" data-particle-mobile-disabled=\"false\" class=\"elementor-element elementor-element-9960ad1 e-flex e-con-boxed elementor-invisible e-con e-parent\" data-id=\"9960ad1\" data-element_type=\"container\" data-settings=\"{&quot;animation&quot;:&quot;fadeInDown&quot;}\">\n\t\t\t\t\t<div class=\"e-con-inner\">\n\t\t\t\t<div class=\"elementor-element elementor-element-70a02b3 elementor-widget elementor-widget-heading\" data-id=\"70a02b3\" data-element_type=\"widget\" data-widget_type=\"heading.default\">\n\t\t\t\t<div class=\"elementor-widget-container\">\n\t\t\t<h1 class=\"elementor-heading-title elementor-size-default\">Pol\u00edtica de<\/h1>\t\t<\/div>\n\t\t\t\t<\/div>\n\t\t\t\t<div class=\"elementor-element elementor-element-ed4847f elementor-widget elementor-widget-heading\" data-id=\"ed4847f\" data-element_type=\"widget\" data-widget_type=\"heading.default\">\n\t\t\t\t<div class=\"elementor-widget-container\">\n\t\t\t<h1 class=\"elementor-heading-title elementor-size-default\">Calidad<\/h1>\t\t<\/div>\n\t\t\t\t<\/div>\n\t\t\t\t\t<\/div>\n\t\t\t\t<\/div>\n\t\t\t\t\t<\/div>\n\t\t\t\t<\/div>\n\t\t<div data-particle_enable=\"false\" data-particle-mobile-disabled=\"false\" class=\"elementor-element elementor-element-972b66f e-flex e-con-boxed e-con e-parent\" data-id=\"972b66f\" data-element_type=\"container\">\n\t\t\t\t\t<div class=\"e-con-inner\">\n\t\t<div data-particle_enable=\"false\" data-particle-mobile-disabled=\"false\" class=\"elementor-element elementor-element-eeadd09 e-flex e-con-boxed e-con e-parent\" data-id=\"eeadd09\" data-element_type=\"container\">\n\t\t\t\t\t<div class=\"e-con-inner\">\n\t\t\t\t<div class=\"elementor-element elementor-element-df64e25 elementor-widget elementor-widget-text-editor\" data-id=\"df64e25\" data-element_type=\"widget\" data-widget_type=\"text-editor.default\">\n\t\t\t\t<div class=\"elementor-widget-container\">\n\t\t\t\t\t\t\t<p>La Alta Direcci\u00f3n de la Asociaci\u00f3n de Municipalidades Parque Cordillera ha definido la siguiente \u201cPol\u00edtica de Calidad\u201d para guiar el desarrollo de las actividades:<\/p><p>El Organismo desarrolla servicios de capacitaci\u00f3n, cumpliendo la normativa vigente y aplicando principios de mejoramiento continuo en los procesos propios del Sistema de Gesti\u00f3n de Calidad, con \u00e9nfasis en satisfacer los requerimientos de sus usuarios, participantes, otras partes interesadas, requerimientos legales y reglamentarios; disponiendo de servicios innovadores, competitivos y de calidad, desarrollados por profesionales especializados y comprometidos en lograr un usuario satisfecho.<\/p><p>Nuestra pol\u00edtica de calidad se expresa en:<\/p><p>Mantener una comunicaci\u00f3n cercana con nuestros usuarios y participantes.<br \/>Satisfacer las necesidades y cumplir con los requerimientos de los usuarios, participantes y otras partes interesadas.<br \/>Realizar acciones de capacitaci\u00f3n de calidad.<br \/>Contar con un equipo de profesionales id\u00f3neos.<br \/>Mejorar constantemente nuestros procesos y servicios para mantenernos competitivos en el mercado.<br \/>Cumplir los requisitos normativos de la Norma NCH 2728-2015.<br \/>Garantizar un precio justo y solidario del servicio de capacitaci\u00f3n.<br \/>Compromiso con el principio de sustentabilidad.<br \/>Contribuir a la capacitaci\u00f3n vinculada con la monta\u00f1a para el desarrollo sustentable de los recursos naturales del territorio.<\/p><p>Directora Ejecutiva<br \/>Asociaci\u00f3n de Municipalidades<br \/>Parque Cordillera<\/p><p>Fecha: 11 de Enero de 2021<\/p><p><strong>Documento Controlado \u2013 Prohibida su reproducci\u00f3n sin la autorizaci\u00f3n del Director<\/strong><\/p>\t\t\t\t\t\t<\/div>\n\t\t\t\t<\/div>\n\t\t\t\t\t<\/div>\n\t\t\t\t<\/div>\n\t\t\t\t\t<\/div>\n\t\t\t\t<\/div>\n\t\t\t\t<\/div>","protected":false},"excerpt":{"rendered":"<p>Pol\u00edtica de Calidad La Alta Direcci\u00f3n de la Asociaci\u00f3n de Municipalidades Parque Cordillera ha definido la siguiente \u201cPol\u00edtica de Calidad\u201d para guiar el desarrollo de las actividades: El Organismo desarrolla servicios de capacitaci\u00f3n, cumpliendo la normativa vigente y aplicando principios de mejoramiento continuo en los procesos propios del Sistema de Gesti\u00f3n de Calidad, con \u00e9nfasis [&hellip;]<\/p>","protected":false},"author":12,"featured_media":0,"parent":1962,"menu_order":0,"comment_status":"closed","ping_status":"closed","template":"","meta":{"site-sidebar-layout":"no-sidebar","site-content-layout":"page-builder","ast-site-content-layout":"","site-content-style":"default","site-sidebar-style":"default","ast-global-header-display":"","ast-banner-title-visibility":"","ast-main-header-display":"","ast-hfb-above-header-display":"","ast-hfb-below-header-display":"","ast-hfb-mobile-header-display":"","site-post-title":"disabled","ast-breadcrumbs-content":"","ast-featured-img":"disabled","footer-sml-layout":"","theme-transparent-header-meta":"default","adv-header-id-meta":"","stick-header-meta":"default","header-above-stick-meta":"","header-main-stick-meta":"","header-below-stick-meta":"","astra-migrate-meta-layouts":"default","ast-page-background-enabled":"default","ast-page-background-meta":{"desktop":{"background-color":"var(--ast-global-color-4)","background-image":"","background-repeat":"repeat","background-position":"center center","background-size":"auto","background-attachment":"scroll","background-type":"","background-media":"","overlay-type":"","overlay-color":"","overlay-opacity":"","overlay-gradient":""},"tablet":{"background-color":"","background-image":"","background-repeat":"repeat","background-position":"center center","background-size":"auto","background-attachment":"scroll","background-type":"","background-media":"","overlay-type":"","overlay-color":"","overlay-opacity":"","overlay-gradient":""},"mobile":{"background-color":"","background-image":"","background-repeat":"repeat","background-position":"center center","background-size":"auto","background-attachment":"scroll","background-type":"","background-media":"","overlay-type":"","overlay-color":"","overlay-opacity":"","overlay-gradient":""}},"ast-content-background-meta":{"desktop":{"background-color":"var(--ast-global-color-5)","background-image":"","background-repeat":"repeat","background-position":"center center","background-size":"auto","background-attachment":"scroll","background-type":"","background-media":"","overlay-type":"","overlay-color":"","overlay-opacity":"","overlay-gradient":""},"tablet":{"background-color":"var(--ast-global-color-5)","background-image":"","background-repeat":"repeat","background-position":"center center","background-size":"auto","background-attachment":"scroll","background-type":"","background-media":"","overlay-type":"","overlay-color":"","overlay-opacity":"","overlay-gradient":""},"mobile":{"background-color":"var(--ast-global-color-5)","background-image":"","background-repeat":"repeat","background-position":"center center","background-size":"auto","background-attachment":"scroll","background-type":"","background-media":"","overlay-type":"","overlay-color":"","overlay-opacity":"","overlay-gradient":""}},"footnotes":""},"class_list":["post-2292","page","type-page","status-publish","hentry"],"yoast_head":"<!-- This site is optimized with the Yoast SEO Premium plugin v22.9 (Yoast SEO v23.9) - https:\/\/yoast.com\/wordpress\/plugins\/seo\/ -->\n<title>Politica de Calidad - Asociaci\u00f3n Parque Cordillera - Parques Regi\u00f3n Metropolitana<\/title>\n<meta name=\"robots\" content=\"index, follow, max-snippet:-1, max-image-preview:large, max-video-preview:-1\" \/>\n<link rel=\"canonical\" href=\"https:\/\/asociacionparquecordillera.cl\/en\/educacion-ambiental\/politica-de-calidad\/\" \/>\n<meta property=\"og:locale\" content=\"en_US\" \/>\n<meta property=\"og:type\" content=\"article\" \/>\n<meta property=\"og:title\" content=\"Politica de Calidad\" \/>\n<meta property=\"og:description\" content=\"Pol\u00edtica de Calidad La Alta Direcci\u00f3n de la Asociaci\u00f3n de Municipalidades Parque Cordillera ha definido la siguiente \u201cPol\u00edtica de Calidad\u201d para guiar el desarrollo de las actividades: El Organismo desarrolla servicios de capacitaci\u00f3n, cumpliendo la normativa vigente y aplicando principios de mejoramiento continuo en los procesos propios del Sistema de Gesti\u00f3n de Calidad, con \u00e9nfasis [&hellip;]\" \/>\n<meta property=\"og:url\" content=\"https:\/\/asociacionparquecordillera.cl\/en\/educacion-ambiental\/politica-de-calidad\/\" \/>\n<meta property=\"og:site_name\" content=\"Asociaci\u00f3n Parque Cordillera - Parques Regi\u00f3n Metropolitana\" \/>\n<meta property=\"article:modified_time\" content=\"2023-03-13T21:20:52+00:00\" \/>\n<meta property=\"og:image\" content=\"https:\/\/asociacionparquecordillera.cl\/wp-content\/uploads\/2023\/03\/iso-apc.png\" \/>\n\t<meta property=\"og:image:width\" content=\"500\" \/>\n\t<meta property=\"og:image:height\" content=\"94\" \/>\n\t<meta property=\"og:image:type\" content=\"image\/png\" \/>\n<meta name=\"twitter:card\" content=\"summary_large_image\" \/>\n<meta name=\"twitter:label1\" content=\"Est. reading time\" \/>\n\t<meta name=\"twitter:data1\" content=\"1 minute\" \/>\n<script type=\"application\/ld+json\" class=\"yoast-schema-graph\">{\"@context\":\"https:\/\/schema.org\",\"@graph\":[{\"@type\":\"WebPage\",\"@id\":\"https:\/\/asociacionparquecordillera.cl\/educacion-ambiental\/politica-de-calidad\/\",\"url\":\"https:\/\/asociacionparquecordillera.cl\/educacion-ambiental\/politica-de-calidad\/\",\"name\":\"Politica de Calidad - Asociaci\u00f3n Parque Cordillera - Parques Regi\u00f3n Metropolitana\",\"isPartOf\":{\"@id\":\"https:\/\/asociacionparquecordillera.cl\/#website\"},\"datePublished\":\"2023-03-13T21:18:14+00:00\",\"dateModified\":\"2023-03-13T21:20:52+00:00\",\"breadcrumb\":{\"@id\":\"https:\/\/asociacionparquecordillera.cl\/educacion-ambiental\/politica-de-calidad\/#breadcrumb\"},\"inLanguage\":\"en-US\",\"potentialAction\":[{\"@type\":\"ReadAction\",\"target\":[\"https:\/\/asociacionparquecordillera.cl\/educacion-ambiental\/politica-de-calidad\/\"]}]},{\"@type\":\"BreadcrumbList\",\"@id\":\"https:\/\/asociacionparquecordillera.cl\/educacion-ambiental\/politica-de-calidad\/#breadcrumb\",\"itemListElement\":[{\"@type\":\"ListItem\",\"position\":1,\"name\":\"Home\",\"item\":\"https:\/\/asociacionparquecordillera.cl\/\"},{\"@type\":\"ListItem\",\"position\":2,\"name\":\"Educaci\u00f3n Ambiental\",\"item\":\"https:\/\/asociacionparquecordillera.cl\/educacion-ambiental\/\"},{\"@type\":\"ListItem\",\"position\":3,\"name\":\"Politica de Calidad\"}]},{\"@type\":\"WebSite\",\"@id\":\"https:\/\/asociacionparquecordillera.cl\/#website\",\"url\":\"https:\/\/asociacionparquecordillera.cl\/\",\"name\":\"Asociaci\u00f3n Parque Cordillera - Parques Regi\u00f3n Metropolitana\",\"description\":\"Asociaci\u00f3n Parque Cordillera promueve la conservaci\u00f3n de la precordillera de Santiago mediante la administraci\u00f3n de parques naturales y el fomento de la educaci\u00f3n ambiental y el turismo sustentable.\",\"publisher\":{\"@id\":\"https:\/\/asociacionparquecordillera.cl\/#organization\"},\"alternateName\":\"Parque Cordillera\",\"potentialAction\":[{\"@type\":\"SearchAction\",\"target\":{\"@type\":\"EntryPoint\",\"urlTemplate\":\"https:\/\/asociacionparquecordillera.cl\/?s={search_term_string}\"},\"query-input\":{\"@type\":\"PropertyValueSpecification\",\"valueRequired\":true,\"valueName\":\"search_term_string\"}}],\"inLanguage\":\"en-US\"},{\"@type\":\"Organization\",\"@id\":\"https:\/\/asociacionparquecordillera.cl\/#organization\",\"name\":\"Asociaci\u00f3n Parque Cordillera - Parques Regi\u00f3n Metropolitana\",\"alternateName\":\"Parque Cordillera\",\"url\":\"https:\/\/asociacionparquecordillera.cl\/\",\"logo\":{\"@type\":\"ImageObject\",\"inLanguage\":\"en-US\",\"@id\":\"https:\/\/asociacionparquecordillera.cl\/#\/schema\/logo\/image\/\",\"url\":\"https:\/\/asociacionparquecordillera.cl\/wp-content\/uploads\/2023\/01\/logo-apc-white-2.svg\",\"contentUrl\":\"https:\/\/asociacionparquecordillera.cl\/wp-content\/uploads\/2023\/01\/logo-apc-white-2.svg\",\"width\":240.789999999999992041921359486877918243408203125,\"height\":80.969999999999998863131622783839702606201171875,\"caption\":\"Asociaci\u00f3n Parque Cordillera - Parques Regi\u00f3n Metropolitana\"},\"image\":{\"@id\":\"https:\/\/asociacionparquecordillera.cl\/#\/schema\/logo\/image\/\"}}]}<\/script>\n<!-- \/ Yoast SEO Premium plugin. -->","yoast_head_json":{"title":"Politica de Calidad - Asociaci\u00f3n Parque Cordillera - Parques Regi\u00f3n Metropolitana","robots":{"index":"index","follow":"follow","max-snippet":"max-snippet:-1","max-image-preview":"max-image-preview:large","max-video-preview":"max-video-preview:-1"},"canonical":"https:\/\/asociacionparquecordillera.cl\/en\/educacion-ambiental\/politica-de-calidad\/","og_locale":"en_US","og_type":"article","og_title":"Politica de Calidad","og_description":"Pol\u00edtica de Calidad La Alta Direcci\u00f3n de la Asociaci\u00f3n de Municipalidades Parque Cordillera ha definido la siguiente \u201cPol\u00edtica de Calidad\u201d para guiar el desarrollo de las actividades: El Organismo desarrolla servicios de capacitaci\u00f3n, cumpliendo la normativa vigente y aplicando principios de mejoramiento continuo en los procesos propios del Sistema de Gesti\u00f3n de Calidad, con \u00e9nfasis [&hellip;]","og_url":"https:\/\/asociacionparquecordillera.cl\/en\/educacion-ambiental\/politica-de-calidad\/","og_site_name":"Asociaci\u00f3n Parque Cordillera - Parques Regi\u00f3n Metropolitana","article_modified_time":"2023-03-13T21:20:52+00:00","og_image":[{"width":500,"height":94,"url":"https:\/\/asociacionparquecordillera.cl\/wp-content\/uploads\/2023\/03\/iso-apc.png","type":"image\/png"}],"twitter_card":"summary_large_image","twitter_misc":{"Est. reading time":"1 minute"},"schema":{"@context":"https:\/\/schema.org","@graph":[{"@type":"WebPage","@id":"https:\/\/asociacionparquecordillera.cl\/educacion-ambiental\/politica-de-calidad\/","url":"https:\/\/asociacionparquecordillera.cl\/educacion-ambiental\/politica-de-calidad\/","name":"Politica de Calidad - Asociaci\u00f3n Parque Cordillera - Parques Regi\u00f3n Metropolitana","isPartOf":{"@id":"https:\/\/asociacionparquecordillera.cl\/#website"},"datePublished":"2023-03-13T21:18:14+00:00","dateModified":"2023-03-13T21:20:52+00:00","breadcrumb":{"@id":"https:\/\/asociacionparquecordillera.cl\/educacion-ambiental\/politica-de-calidad\/#breadcrumb"},"inLanguage":"en-US","potentialAction":[{"@type":"ReadAction","target":["https:\/\/asociacionparquecordillera.cl\/educacion-ambiental\/politica-de-calidad\/"]}]},{"@type":"BreadcrumbList","@id":"https:\/\/asociacionparquecordillera.cl\/educacion-ambiental\/politica-de-calidad\/#breadcrumb","itemListElement":[{"@type":"ListItem","position":1,"name":"Home","item":"https:\/\/asociacionparquecordillera.cl\/"},{"@type":"ListItem","position":2,"name":"Educaci\u00f3n Ambiental","item":"https:\/\/asociacionparquecordillera.cl\/educacion-ambiental\/"},{"@type":"ListItem","position":3,"name":"Politica de Calidad"}]},{"@type":"WebSite","@id":"https:\/\/asociacionparquecordillera.cl\/#website","url":"https:\/\/asociacionparquecordillera.cl\/","name":"Asociaci\u00f3n Parque Cordillera - Parques Regi\u00f3n Metropolitana","description":"Asociaci\u00f3n Parque Cordillera promueve la conservaci\u00f3n de la precordillera de Santiago mediante la administraci\u00f3n de parques naturales y el fomento de la educaci\u00f3n ambiental y el turismo sustentable.","publisher":{"@id":"https:\/\/asociacionparquecordillera.cl\/#organization"},"alternateName":"Parque Cordillera","potentialAction":[{"@type":"SearchAction","target":{"@type":"EntryPoint","urlTemplate":"https:\/\/asociacionparquecordillera.cl\/?s={search_term_string}"},"query-input":{"@type":"PropertyValueSpecification","valueRequired":true,"valueName":"search_term_string"}}],"inLanguage":"en-US"},{"@type":"Organization","@id":"https:\/\/asociacionparquecordillera.cl\/#organization","name":"Asociaci\u00f3n Parque Cordillera - Parques Regi\u00f3n Metropolitana","alternateName":"Parque Cordillera","url":"https:\/\/asociacionparquecordillera.cl\/","logo":{"@type":"ImageObject","inLanguage":"en-US","@id":"https:\/\/asociacionparquecordillera.cl\/#\/schema\/logo\/image\/","url":"https:\/\/asociacionparquecordillera.cl\/wp-content\/uploads\/2023\/01\/logo-apc-white-2.svg","contentUrl":"https:\/\/asociacionparquecordillera.cl\/wp-content\/uploads\/2023\/01\/logo-apc-white-2.svg","width":240.789999999999992041921359486877918243408203125,"height":80.969999999999998863131622783839702606201171875,"caption":"Asociaci\u00f3n Parque Cordillera - Parques Regi\u00f3n Metropolitana"},"image":{"@id":"https:\/\/asociacionparquecordillera.cl\/#\/schema\/logo\/image\/"}}]}},"_links":{"self":[{"href":"https:\/\/asociacionparquecordillera.cl\/en\/wp-json\/wp\/v2\/pages\/2292","targetHints":{"allow":["GET"]}}],"collection":[{"href":"https:\/\/asociacionparquecordillera.cl\/en\/wp-json\/wp\/v2\/pages"}],"about":[{"href":"https:\/\/asociacionparquecordillera.cl\/en\/wp-json\/wp\/v2\/types\/page"}],"author":[{"embeddable":true,"href":"https:\/\/asociacionparquecordillera.cl\/en\/wp-json\/wp\/v2\/users\/12"}],"replies":[{"embeddable":true,"href":"https:\/\/asociacionparquecordillera.cl\/en\/wp-json\/wp\/v2\/comments?post=2292"}],"version-history":[{"count":5,"href":"https:\/\/asociacionparquecordillera.cl\/en\/wp-json\/wp\/v2\/pages\/2292\/revisions"}],"predecessor-version":[{"id":2298,"href":"https:\/\/asociacionparquecordillera.cl\/en\/wp-json\/wp\/v2\/pages\/2292\/revisions\/2298"}],"up":[{"embeddable":true,"href":"https:\/\/asociacionparquecordillera.cl\/en\/wp-json\/wp\/v2\/pages\/1962"}],"wp:attachment":[{"href":"https:\/\/asociacionparquecordillera.cl\/en\/wp-json\/wp\/v2\/media?parent=2292"}],"curies":[{"name":"wp","href":"https:\/\/api.w.org\/{rel}","templated":true}]}}